{"id":1771,"date":"2020-09-26T08:49:56","date_gmt":"2020-09-26T01:49:56","guid":{"rendered":"https:\/\/test.nguyenanhmedia.com\/?page_id=1771"},"modified":"2021-12-05T13:43:59","modified_gmt":"2021-12-05T06:43:59","slug":"phong-cong-tac-xa-hoi-va-cham-soc-doi-tuong","status":"publish","type":"page","link":"https:\/\/ttcsntt.khanhhoa.gov.vn\/?page_id=1771","title":{"rendered":"H\u1ed2 S\u01a0, TH\u1ee6 T\u1ee4C TI\u1ebeP NH\u1eacN NG\u01af\u1edcI KHUY\u1ebeT T\u1eacT TH\u1ea6N KINH T\u00c2M TH\u1ea6N V\u00c0O CH\u0102M S\u00d3C, NU\u00d4I D\u01af\u1ee0NG"},"content":{"rendered":"<p>[vc_row][vc_column][vc_column_text]<\/p>\n<h6 style=\"text-align: justify;\"><span style=\"font-size: 24pt; font-family: 'times new roman', times, serif;\">\u00a0 \u00a0 \u00a0 \u00a0 \u00a0 <strong>1.\u00a0 TR\u00ccNH T\u1ef0 TH\u1ef0C HI\u1ec6N H\u1ed2 S\u01a0, TH\u1ee6 T\u1ee4C<\/strong><\/span><\/h6>\n<h6 class=\"main-title-sub\" style=\"text-align: justify;\"><span style=\"color: #333333; font-size: 24pt; font-family: 'times new roman', times, serif;\">\u00a0 \u00a0 \u00a0 \u00a0 \u00a0 \u00a0 \u00a0&#8211; B\u01b0\u1edbc 1: \u0110\u1ed1i t\u01b0\u1ee3ng ho\u1eb7c ng\u01b0\u1eddi gi\u00e1m h\u1ed9 chu\u1ea9n b\u1ecb h\u1ed3 s\u01a1 theo quy \u0111\u1ecbnh g\u1eedi Ch\u1ee7 t\u1ecbch \u1ee6y ban nh\u00e2n d\u00e2n c\u1ea5p x\u00e3. <\/span><\/h6>\n<h6 class=\"main-title-sub\" style=\"text-align: justify;\"><span style=\"color: #333333; font-size: 24pt; font-family: 'times new roman', times, serif;\">\u00a0 \u00a0 \u00a0 \u00a0 \u00a0 &#8211; B\u01b0\u1edbc 2: Trong th\u1eddi h\u1ea1n 10 ng\u00e0y l\u00e0m vi\u1ec7c, k\u1ec3 t\u1eeb ng\u00e0y nh\u1eadn \u0111\u01b0\u1ee3c h\u1ed3 s\u01a1 c\u1ee7a \u0111\u1ed1i t\u01b0\u1ee3ng, Ch\u1ee7 t\u1ecbch \u1ee6y ban nh\u00e2n d\u00e2n c\u1ea5p x\u00e3 c\u00f3 tr\u00e1ch nhi\u1ec7m x\u00e9t duy\u1ec7t v\u00e0 ni\u00eam y\u1ebft c\u00f4ng khai k\u1ebft qu\u1ea3 x\u00e9t duy\u1ec7t t\u1ea1i tr\u1ee5 s\u1edf \u1ee6y ban nh\u00e2n d\u00e2n c\u1ea5p x\u00e3 trong th\u1eddi gian 07 ng\u00e0y l\u00e0m vi\u1ec7c, tr\u1eeb nh\u1eefng th\u00f4ng tin v\u1ec1 HIV c\u1ee7a \u0111\u1ed1i t\u01b0\u1ee3ng. <\/span><\/h6>\n<h6 class=\"main-title-sub\" style=\"text-align: justify;\"><span style=\"color: #333333; font-size: 24pt; font-family: 'times new roman', times, serif;\">\u00a0 \u00a0 \u00a0 \u00a0 \u00a0 &#8211; B\u01b0\u1edbc 3: Trong th\u1eddi h\u1ea1n 07 ng\u00e0y l\u00e0m vi\u1ec7c, k\u1ec3 t\u1eeb ng\u00e0y nh\u1eadn \u0111\u01b0\u1ee3c h\u1ed3 s\u01a1 c\u1ee7a \u0111\u1ed1i t\u01b0\u1ee3ng v\u00e0 v\u0103n b\u1ea3n \u0111\u1ec1 ngh\u1ecb c\u1ee7a Ch\u1ee7 t\u1ecbch \u1ee6y ban nh\u00e2n d\u00e2n c\u1ea5p x\u00e3, Ph\u00f2ng Lao \u0111\u1ed9ng &#8211; Th\u01b0\u01a1ng binh v\u00e0 X\u00e3 h\u1ed9i th\u1ea9m \u0111\u1ecbnh, tr\u00ecnh Ch\u1ee7 t\u1ecbch \u1ee6y ban nh\u00e2n d\u00e2n c\u1ea5p huy\u1ec7n.<\/span><\/h6>\n<h6 class=\"main-title-sub\" style=\"text-align: justify;\"><span style=\"color: #333333; font-size: 24pt; font-family: 'times new roman', times, serif;\">\u00a0 \u00a0 \u00a0 \u00a0 \u00a0 &#8211; B\u01b0\u1edbc 4: Trong th\u1eddi h\u1ea1n 03 ng\u00e0y l\u00e0m vi\u1ec7c, k\u1ec3 t\u1eeb ng\u00e0y nh\u1eadn \u0111\u01b0\u1ee3c v\u0103n b\u1ea3n tr\u00ecnh c\u1ee7a Ph\u00f2ng Lao \u0111\u1ed9ng &#8211; Th\u01b0\u01a1ng binh v\u00e0 X\u00e3 h\u1ed9i, Ch\u1ee7 t\u1ecbch \u1ee6y ban nh\u00e2n d\u00e2n c\u1ea5p huy\u1ec7n quy\u1ebft \u0111\u1ecbnh \u0111\u01b0a \u0111\u1ed1i t\u01b0\u1ee3ng v\u00e0o c\u01a1 s\u1edf tr\u1ee3 gi\u00fap x\u00e3 h\u1ed9i thu\u1ed9c th\u1ea9m quy\u1ec1n qu\u1ea3n l\u00fd ho\u1eb7c c\u00f3 v\u0103n b\u1ea3n \u0111\u1ec1 ngh\u1ecb S\u1edf Lao \u0111\u1ed9ng &#8211; Th\u01b0\u01a1ng binh v\u00e0 X\u00e3 h\u1ed9i xem x\u00e9t chuy\u1ec3n h\u1ed3 s\u01a1 \u0111\u1ebfn ng\u01b0\u1eddi \u0111\u1ee9ng \u0111\u1ea7u c\u01a1 s\u1edf tr\u1ee3 gi\u00fap x\u00e3 h\u1ed9i ti\u1ebfp nh\u1eadn \u0111\u1ed1i t\u01b0\u1ee3ng v\u00e0o c\u01a1 s\u1edf.<\/span><\/h6>\n<h6 class=\"main-title-sub\" style=\"text-align: justify;\"><span style=\"color: #333333; font-size: 24pt; font-family: 'times new roman', times, serif;\">\u00a0 \u00a0 \u00a0 \u00a0 \u00a0 &#8211; B\u01b0\u1edbc 5: Trong th\u1eddi h\u1ea1n 07 ng\u00e0y l\u00e0m vi\u1ec7c, k\u1ec3 t\u1eeb khi nh\u1eadn \u0111\u01b0\u1ee3c h\u1ed3 s\u01a1 c\u1ee7a \u0111\u1ed1i t\u01b0\u1ee3ng v\u00e0 v\u0103n b\u1ea3n \u0111\u1ec1 ngh\u1ecb c\u1ee7a Ch\u1ee7 t\u1ecbch \u1ee6y ban nh\u00e2n d\u00e2n c\u1ea5p huy\u1ec7n, S\u1edf Lao \u0111\u1ed9ng &#8211; Th\u01b0\u01a1ng binh v\u00e0 X\u00e3 h\u1ed9i th\u1ea9m \u0111\u1ecbnh v\u00e0 chuy\u1ec3n h\u1ed3 s\u01a1 c\u1ee7a \u0111\u1ed1i t\u01b0\u1ee3ng \u0111\u1ebfn c\u01a1 s\u1edf tr\u1ee3 gi\u00fap x\u00e3 h\u1ed9i tr\u00ean \u0111\u1ecba b\u00e0n qu\u1ea3n l\u00fd; sau khi nh\u1eadn \u0111\u1ea7y \u0111\u1ee7 h\u1ed3 s\u01a1, ng\u01b0\u1eddi \u0111\u1ee9ng \u0111\u1ea7u c\u01a1 s\u1edf tr\u1ee3 gi\u00fap x\u00e3 h\u1ed9i quy\u1ebft \u0111\u1ecbnh ti\u1ebfp nh\u1eadn \u0111\u1ed1i t\u01b0\u1ee3ng v\u00e0o c\u01a1 s\u1edf. Tr\u01b0\u1eddng h\u1ee3p \u0111\u1ed1i t\u01b0\u1ee3ng kh\u00f4ng \u0111\u01b0\u1ee3c ti\u1ebfp nh\u1eadn v\u00e0o c\u01a1 s\u1edf tr\u1ee3 gi\u00fap x\u00e3 h\u1ed9i th\u00ec tr\u1ea3 l\u1eddi b\u1eb1ng v\u0103n b\u1ea3n v\u00e0 n\u00eau r\u00f5 l\u00fd do.<\/span><\/h6>\n<h6 style=\"text-align: justify;\"><span style=\"font-size: 24pt; font-family: 'times new roman', times, serif;\">\u00a0 \u00a0 \u00a0 \u00a0 \u00a0 Xem \u0111\u1ea7y \u0111\u1ee7 th\u1ee7 t\u1ee5c <\/span><span style=\"font-size: 24pt; font-family: 'times new roman', times, serif;\">&#8220;Ti\u1ebfp nh\u1eadn \u0111\u1ed1i t\u01b0\u1ee3ng b\u1ea3o tr\u1ee3 x\u00e3 h\u1ed9i c\u00f3 ho\u00e0n c\u1ea3nh \u0111\u1eb7c bi\u1ec7t kh\u00f3 kh\u0103n v\u00e0o c\u01a1 s\u1edf tr\u1ee3 gi\u00fap x\u00e3 h\u1ed9i c\u1ea5p t\u1ec9nh&#8221; t\u1ea1i:<\/span><\/h6>\n<p><span style=\"font-size: 24pt; font-family: 'times new roman', times, serif;\"><a href=\"https:\/\/dichvucong.gov.vn\/p\/home\/dvc-tthc-thu-tuc-hanh-chinh-chi-tiet.html?ma_thu_tuc=961\">\u00a0 \u00a0 \u00a0 \u00a0 \u00a0 + Th\u1ee7 t\u1ee5c h\u00e0nh ch\u00ednh C\u1ed5ng d\u1ecbch v\u1ee5 c\u00f4ng qu\u1ed1c gia\u00a0 \u00a0<\/a><\/span><\/p>\n<p><span style=\"font-size: 24pt; font-family: 'times new roman', times, serif;\"><span style=\"font-size: 18pt;\">ho\u1eb7c<\/span> \u00a0\u00a0 <a href=\"https:\/\/hanhchinhcong.khanhhoa.gov.vn\/#\/app\/chitietthutuc\/30142\">+ Trung t\u00e2m d\u1ecbch v\u1ee5 h\u00e0nh ch\u00ednh c\u00f4ng tr\u1ef1c tuy\u1ebfn t\u1ec9nh Kh\u00e1nh H\u00f2a<\/a><\/span><\/p>\n<h6 style=\"text-align: justify;\"><\/h6>\n<p><span style=\"font-size: 24pt; font-family: 'times new roman', times, serif;\">\u00a0 \u00a0 \u00a0 \u00a0 \u00a0 <strong>2. TRUNG T\u00c2M NH\u1eacN H\u1ed2 S\u01a0 V\u00c0 QUY\u1ebeT \u0110\u1ecaNH TI\u1ebeP NH\u1eacN<\/strong><\/span><\/p>\n<h6 style=\"text-align: justify;\"><span style=\"font-size: 24pt; font-family: 'times new roman', times, serif;\">\u00a0 \u00a0 \u00a0 \u00a0 \u00a0 &#8211; B\u01b0\u1edbc 1: Ti\u1ebfp nh\u1eadn h\u1ed3 s\u01a1 \u0111\u1ed1i t\u01b0\u1ee3ng<\/span><\/h6>\n<h6 style=\"text-align: justify;\"><span style=\"font-size: 24pt; font-family: 'times new roman', times, serif;\">\u00a0 \u00a0 \u00a0 \u00a0 \u00a0 &#8211; B\u01b0\u1edbc 2: Ban h\u00e0nh Quy\u1ebft \u0111\u1ecbnh ti\u1ebfp nh\u1eadn \u0111\u1ed1i t\u01b0\u1ee3ng<\/span><\/h6>\n<h6 style=\"text-align: justify;\"><span style=\"font-size: 24pt; font-family: 'times new roman', times, serif;\">\u00a0 \u00a0 \u00a0 \u00a0 \u00a0 &#8211; B\u01b0\u1edbc 3: T\u1ed5 ch\u1ee9c ti\u1ebfp nh\u1eadn \u0111\u1ed1i t\u01b0\u1ee3ng v\u00e0 l\u1eadp h\u1ed3 s\u01a1 qu\u1ea3n l\u00fd tr\u01b0\u1eddng h\u1ee3p<\/span><\/h6>\n<h6 style=\"text-align: justify;\"><span style=\"font-size: 24pt; font-family: 'times new roman', times, serif;\">\u00a0 \u00a0 \u00a0 \u00a0 \u00a0 <a href=\"https:\/\/ttcsntt.khanhhoa.gov.vn\/wp-content\/uploads\/2021\/10\/9999999999999.pdf\">(Xem \u0111\u1ea7y \u0111\u1ee7 Quy tr\u00ecnh ti\u1ebfp nh\u1eadn nu\u00f4i d\u01b0\u1ee1ng \u0111\u1ed1i t\u01b0\u1ee3ng khuy\u1ebft t\u1eadt th\u1ea7n kinh t\u00e2m th\u1ea7n c\u1ee7a Trung t\u00e2m)<\/a><\/span><\/h6>\n<p>[\/vc_column_text][\/vc_column][\/vc_row][vc_row][vc_column css=&#8221;.vc_custom_1638682251814{margin-top: 30px !important;}&#8221;][vc_column_text]<\/p>\n<div class=\"entry-header\">\n<h6 class=\"jeg_post_title\" style=\"text-align: center;\"><span style=\"color: #0000ff;\"><strong><span style=\"font-size: 36pt; font-family: 'times new roman', times, serif;\">N\u1ebfu c\u1ea7n th\u00f4ng tin h\u1ecfi \u0111\u00e1p, <\/span><\/strong><strong><span style=\"font-size: 36pt; font-family: 'times new roman', times, serif;\">\u0111\u1ec1 ngh\u1ecb c\u00e1 nh\u00e2n, t\u1ed5 ch\u1ee9c li\u00ean h\u1ec7<\/span><\/strong><\/span><\/h6>\n<\/div>\n<div class=\"entry-content \">\n<div class=\"content-inner\">\n<div class=\"row vc_row wpb_row vc_row-fluid\">\n<div class=\"jeg-vc-wrapper\">\n<div class=\"wpb_column jeg_column vc_column_container vc_col-sm-12 jeg_main_content\">\n<div class=\"jeg_wrapper wpb_wrapper\">\n<h3 class=\"vc_custom_heading vc_custom_1608276466312\" style=\"text-align: center;\"><span style=\"font-family: 'times new roman', times, serif; font-size: 24pt;\">\u00a0 \u00a0 \u00a0 \u00a0 \u00a0 \u00a0 \u00a0Trung t\u00e2m B\u1ea3o tr\u1ee3 x\u00e3 h\u1ed9i Ch\u0103m s\u00f3c v\u00e0 ph\u1ee5c h\u1ed3i ch\u1ee9c n\u0103ng ng\u01b0\u1eddi t\u00e2m th\u1ea7n,\u00a0 \u00a0 \u00a0 \u00a0 \u00a0 \u00a0 \u00a0 \u00a0 \u00a0 \u00a0 \u00a0 \u00a0ng\u01b0\u1eddi r\u1ed1i nhi\u1ec5u t\u00e2m tr\u00ed t\u1ec9nh Kh\u00e1nh H\u00f2a<\/span><\/h3>\n<div class=\"wpb_text_column wpb_content_element vc_custom_1638413477321\">\n<div class=\"wpb_wrapper\">\n<h5 class=\"vc_custom_heading\" style=\"text-align: center;\"><span style=\"font-size: 24pt; font-family: 'times new roman', times, serif;\">\u0110\u1ecba ch\u1ec9: Th\u00f4n An \u0110\u1ecbnh, x\u00e3 Di\u00ean Ph\u01b0\u1edbc, huy\u1ec7n Di\u00ean Kh\u00e1nh, t\u1ec9nh Kh\u00e1nh H\u00f2a<\/span><br \/>\n<span style=\"font-size: 24pt; font-family: 'times new roman', times, serif;\">Ph\u00f2ng Nghi\u1ec7p v\u1ee5 C\u00f4ng t\u00e1c x\u00e3 h\u1ed9i:\u00a0 <strong>0258. 3781274 ho\u1eb7c 0258.3781275<\/strong><\/span><\/h5>\n<\/div>\n<\/div>\n<\/div>\n<\/div>\n<\/div>\n<\/div>\n<div class=\"row vc_row wpb_row vc_row-fluid vc_custom_1491236164137\">\n<div class=\"jeg-vc-wrapper\">\n<div class=\"wpb_column jeg_column vc_column_container vc_col-sm-12 jeg_main_content\">\n<div class=\"jeg_wrapper wpb_wrapper\">\n<div class=\"wpb_gmaps_widget wpb_content_element\">\n<div class=\"wpb_wrapper\">\n<div class=\"wpb_map_wraper\"><iframe loading=\"lazy\" src=\"https:\/\/www.google.com\/maps\/embed?pb=!1m14!1m8!1m3!1d4919.248287764591!2d109.0424981!3d12.2586353!3m2!1i1024!2i768!4f13.1!3m3!1m2!1s0x0%3A0x18be49db14fff766!2zVHJ1bmcgdMOibSBC4bqjbyB0cuG7oyB4w6MgaOG7mWkgQ2jEg20gc8OzYyB2w6AgUGjhu6VjIGjhu5NpIGNo4bupYyBuxINuZyBuZ8aw4budaSB0w6JtIHRo4bqnbiwgbmfGsOG7nWkgcuG7kWkgbmhp4buFdSB0w6JtIHRyw60gdOG7iW5oIEtow6FuaCBIw7Jh!5e1!3m2!1svi!2s!4v1638409633267!5m2!1svi!2s\" width=\"600\" height=\"450\" allowfullscreen=\"allowfullscreen\" data-mce-fragment=\"1\"><\/iframe><\/div>\n<\/div>\n<\/div>\n<\/div>\n<\/div>\n<\/div>\n<\/div>\n<\/div>\n<\/div>\n<p>[\/vc_column_text][\/vc_column][\/vc_row]<\/p>\n","protected":false},"excerpt":{"rendered":"<p>[vc_row][vc_column][vc_column_text] \u00a0 \u00a0 \u00a0 \u00a0 \u00a0 1.\u00a0 TR\u00ccNH T\u1ef0 TH\u1ef0C HI\u1ec6N H\u1ed2 S\u01a0, TH\u1ee6 T\u1ee4C \u00a0 \u00a0 \u00a0 \u00a0 \u00a0 \u00a0 \u00a0&#8211; B\u01b0\u1edbc 1: \u0110\u1ed1i t\u01b0\u1ee3ng ho\u1eb7c ng\u01b0\u1eddi gi\u00e1m h\u1ed9 chu\u1ea9n b\u1ecb h\u1ed3 s\u01a1 theo quy \u0111\u1ecbnh g\u1eedi Ch\u1ee7 t\u1ecbch \u1ee6y ban nh\u00e2n d\u00e2n c\u1ea5p x\u00e3. \u00a0 \u00a0 \u00a0 \u00a0 \u00a0 &#8211; B\u01b0\u1edbc 2: Trong [&hellip;]<\/p>\n","protected":false},"author":1,"featured_media":1989,"parent":0,"menu_order":0,"comment_status":"closed","ping_status":"closed","template":"","meta":{"footnotes":""},"_links":{"self":[{"href":"https:\/\/ttcsntt.khanhhoa.gov.vn\/index.php?rest_route=\/wp\/v2\/pages\/1771"}],"collection":[{"href":"https:\/\/ttcsntt.khanhhoa.gov.vn\/index.php?rest_route=\/wp\/v2\/pages"}],"about":[{"href":"https:\/\/ttcsntt.khanhhoa.gov.vn\/index.php?rest_route=\/wp\/v2\/types\/page"}],"author":[{"embeddable":true,"href":"https:\/\/ttcsntt.khanhhoa.gov.vn\/index.php?rest_route=\/wp\/v2\/users\/1"}],"replies":[{"embeddable":true,"href":"https:\/\/ttcsntt.khanhhoa.gov.vn\/index.php?rest_route=%2Fwp%2Fv2%2Fcomments&post=1771"}],"version-history":[{"count":15,"href":"https:\/\/ttcsntt.khanhhoa.gov.vn\/index.php?rest_route=\/wp\/v2\/pages\/1771\/revisions"}],"predecessor-version":[{"id":6083,"href":"https:\/\/ttcsntt.khanhhoa.gov.vn\/index.php?rest_route=\/wp\/v2\/pages\/1771\/revisions\/6083"}],"wp:featuredmedia":[{"embeddable":true,"href":"https:\/\/ttcsntt.khanhhoa.gov.vn\/index.php?rest_route=\/wp\/v2\/media\/1989"}],"wp:attachment":[{"href":"https:\/\/ttcsntt.khanhhoa.gov.vn\/index.php?rest_route=%2Fwp%2Fv2%2Fmedia&parent=1771"}],"curies":[{"name":"wp","href":"https:\/\/api.w.org\/{rel}","templated":true}]}}