{"id":83,"date":"2017-03-24T03:46:37","date_gmt":"2017-03-24T03:46:37","guid":{"rendered":"http:\/\/demo.themeton.com\/medical\/?page_id=83"},"modified":"2021-12-02T09:45:21","modified_gmt":"2021-12-02T02:45:21","slug":"lien-he","status":"publish","type":"page","link":"https:\/\/ttcsntt.khanhhoa.gov.vn\/?page_id=83","title":{"rendered":"N\u1ed9i dung g\u00f3p \u00fd, h\u1ecfi \u0111\u00e1p \u0111\u1ec1 ngh\u1ecb c\u00e1 nh\u00e2n, t\u1ed5 ch\u1ee9c li\u00ean h\u1ec7 ho\u1eb7c g\u1eedi qua Email"},"content":{"rendered":"<p>[vc_row][vc_column][vc_custom_heading text=&#8221;Trung t\u00e2m B\u1ea3o tr\u1ee3 x\u00e3 h\u1ed9i Ch\u0103m s\u00f3c v\u00e0 ph\u1ee5c h\u1ed3i ch\u1ee9c n\u0103ng ng\u01b0\u1eddi t\u00e2m th\u1ea7n, ng\u01b0\u1eddi r\u1ed1i nhi\u1ec5u t\u00e2m tr\u00ed t\u1ec9nh Kh\u00e1nh H\u00f2a&#8221; font_container=&#8221;tag:h3|font_size:33px|text_align:center|color:%230056b6|line_height:1&#8243; use_theme_fonts=&#8221;yes&#8221; css=&#8221;.vc_custom_1608276466312{margin-top: 40px !important;}&#8221;][vc_column_text css=&#8221;.vc_custom_1638413477321{margin-bottom: 0px !important;}&#8221;]<\/p>\n<h5><\/h5>\n<h5 class=\"vc_custom_heading\" style=\"text-align: center;\"><span style=\"font-size: 14pt;\">\u0110\u1ecba ch\u1ec9: Th\u00f4n An \u0110\u1ecbnh, x\u00e3 Di\u00ean Ph\u01b0\u1edbc, huy\u1ec7n Di\u00ean Kh\u00e1nh, t\u1ec9nh Kh\u00e1nh H\u00f2a<\/span><br \/>\n<span style=\"font-size: 14pt;\">\u0110i\u1ec7n tho\u1ea1i: 02583781273 &#8211; Email: ttcsntt.sldtbxh@khanhhoa.gov.vn<\/span><\/h5>\n<p>[\/vc_column_text][\/vc_column][\/vc_row][vc_row css=&#8221;.vc_custom_1491236164137{margin-top: 50px !important;}&#8221;][vc_column][vc_gmaps link=&#8221;#E-8_JTNDaWZyYW1lJTIwc3JjJTNEJTIyaHR0cHMlM0ElMkYlMkZ3d3cuZ29vZ2xlLmNvbSUyRm1hcHMlMkZlbWJlZCUzRnBiJTNEJTIxMW0xNCUyMTFtOCUyMTFtMyUyMTFkNDkxOS4yNDgyODc3NjQ1OTElMjEyZDEwOS4wNDI0OTgxJTIxM2QxMi4yNTg2MzUzJTIxM20yJTIxMWkxMDI0JTIxMmk3NjglMjE0ZjEzLjElMjEzbTMlMjExbTIlMjExczB4MCUyNTNBMHgxOGJlNDlkYjE0ZmZmNzY2JTIxMnpWSEoxYm1jZ2RNT2liU0JDNGJxamJ5QjBjdUc3b3lCNHc2TWdhT0c3bVdrZ1EyakVnMjBnYzhPell5QjJ3NkFnVUdqaHU2VmpJR2podTVOcElHTm80YnVwWXlCdXhJTnVaeUJ1WjhhdzRidWRhU0IwdzZKdElIUm80YnFuYml3Z2JtZkdzT0c3bldrZ2N1RzdrV2tnYm1ocDRidUZkU0IwdzZKdElIUnl3NjBnZE9HN2lXNW9JRXRvdzZGdWFDQkl3N0poJTIxNWUxJTIxM20yJTIxMXN2aSUyMTJzJTIxNHYxNjM4NDA5NjMzMjY3JTIxNW0yJTIxMXN2aSUyMTJzJTIyJTIwd2lkdGglM0QlMjI2MDAlMjIlMjBoZWlnaHQlM0QlMjI0NTAlMjIlMjBzdHlsZSUzRCUyMmJvcmRlciUzQTAlM0IlMjIlMjBhbGxvd2Z1bGxzY3JlZW4lM0QlMjIlMjIlMjBsb2FkaW5nJTNEJTIybGF6eSUyMiUzRSUzQyUyRmlmcmFtZSUzRQ==&#8221;][vc_empty_space height=&#8221;15px&#8221;][\/vc_column][\/vc_row]<\/p>\n","protected":false},"excerpt":{"rendered":"<p>[vc_row][vc_column][vc_custom_heading text=&#8221;Trung t\u00e2m B\u1ea3o tr\u1ee3 x\u00e3 h\u1ed9i Ch\u0103m s\u00f3c v\u00e0 ph\u1ee5c h\u1ed3i ch\u1ee9c n\u0103ng ng\u01b0\u1eddi t\u00e2m th\u1ea7n, ng\u01b0\u1eddi r\u1ed1i nhi\u1ec5u t\u00e2m tr\u00ed t\u1ec9nh Kh\u00e1nh H\u00f2a&#8221; font_container=&#8221;tag:h3|font_size:33px|text_align:center|color:%230056b6|line_height:1&#8243; use_theme_fonts=&#8221;yes&#8221; css=&#8221;.vc_custom_1608276466312{margin-top: 40px !important;}&#8221;][vc_column_text css=&#8221;.vc_custom_1638413477321{margin-bottom: 0px !important;}&#8221;] \u0110\u1ecba ch\u1ec9: Th\u00f4n An \u0110\u1ecbnh, x\u00e3 Di\u00ean Ph\u01b0\u1edbc, huy\u1ec7n Di\u00ean Kh\u00e1nh, t\u1ec9nh Kh\u00e1nh H\u00f2a \u0110i\u1ec7n tho\u1ea1i: 02583781273 &#8211; Email: ttcsntt.sldtbxh@khanhhoa.gov.vn [\/vc_column_text][\/vc_column][\/vc_row][vc_row css=&#8221;.vc_custom_1491236164137{margin-top: [&hellip;]<\/p>\n","protected":false},"author":1,"featured_media":1989,"parent":0,"menu_order":0,"comment_status":"closed","ping_status":"closed","template":"","meta":{"footnotes":""},"_links":{"self":[{"href":"https:\/\/ttcsntt.khanhhoa.gov.vn\/index.php?rest_route=\/wp\/v2\/pages\/83"}],"collection":[{"href":"https:\/\/ttcsntt.khanhhoa.gov.vn\/index.php?rest_route=\/wp\/v2\/pages"}],"about":[{"href":"https:\/\/ttcsntt.khanhhoa.gov.vn\/index.php?rest_route=\/wp\/v2\/types\/page"}],"author":[{"embeddable":true,"href":"https:\/\/ttcsntt.khanhhoa.gov.vn\/index.php?rest_route=\/wp\/v2\/users\/1"}],"replies":[{"embeddable":true,"href":"https:\/\/ttcsntt.khanhhoa.gov.vn\/index.php?rest_route=%2Fwp%2Fv2%2Fcomments&post=83"}],"version-history":[{"count":32,"href":"https:\/\/ttcsntt.khanhhoa.gov.vn\/index.php?rest_route=\/wp\/v2\/pages\/83\/revisions"}],"predecessor-version":[{"id":6059,"href":"https:\/\/ttcsntt.khanhhoa.gov.vn\/index.php?rest_route=\/wp\/v2\/pages\/83\/revisions\/6059"}],"wp:featuredmedia":[{"embeddable":true,"href":"https:\/\/ttcsntt.khanhhoa.gov.vn\/index.php?rest_route=\/wp\/v2\/media\/1989"}],"wp:attachment":[{"href":"https:\/\/ttcsntt.khanhhoa.gov.vn\/index.php?rest_route=%2Fwp%2Fv2%2Fmedia&parent=83"}],"curies":[{"name":"wp","href":"https:\/\/api.w.org\/{rel}","templated":true}]}}